{"id":869,"date":"2018-07-10T12:13:20","date_gmt":"2018-07-10T12:13:20","guid":{"rendered":"http:\/\/trankad.modeltheme.com\/?page_id=869"},"modified":"2024-05-09T12:36:00","modified_gmt":"2024-05-09T10:36:00","slug":"kontakt","status":"publish","type":"page","link":"https:\/\/hatrans.pl\/de\/kontakt\/","title":{"rendered":"Kontakt"},"content":{"rendered":"<div class=\"wpb-content-wrapper\"><div data-vc-full-width=\"true\" data-vc-full-width-init=\"false\" class=\"vc_row wpb_row vc_row-fluid vc_custom_1705592673953 vc_row-has-fill\"><div class=\"wpb_column vc_column_container vc_col-sm-12\"><div class=\"vc_column-inner\"><div class=\"wpb_wrapper\"><div class=\"title-subtile-holder wow fadeIn text_left\"><div class=\"section-subtitle dark_subtitle\">Kontakt<\/div><h1 class=\"section-title dark_title\">Wir freuen uns, Ihr Unternehmen zu unterst\u00fctzen<\/h1><div class=\"section-border dark_border\"><\/div><\/div><div class=\"vc_row wpb_row vc_inner vc_row-fluid vc_custom_1531225061169\"><div class=\"wpb_column vc_column_container vc_col-sm-4\"><div class=\"vc_column-inner\"><div class=\"wpb_wrapper\"><h3 style=\"font-size: 17px;color: rgba(37,37,37,0.7);line-height: 20px;text-align: left;font-family:Montserrat;font-weight:400;font-style:normal\" class=\"vc_custom_heading wpb_animate_when_almost_visible wpb_fadeIn fadeIn\" >Adresse:<\/h3><h4 style=\"font-size: 25px;color: #252525;line-height: 35px;text-align: left;font-family:Montserrat;font-weight:700;font-style:normal\" class=\"vc_custom_heading wpb_animate_when_almost_visible wpb_fadeIn fadeIn vc_custom_1705590771419\" >196 Traktorowa Stra\u00dfe,<br \/>\n91-218 \u0141\u00f3d\u017a | Polen<\/h4><\/div><\/div><\/div><div class=\"wpb_column vc_column_container vc_col-sm-4\"><div class=\"vc_column-inner\"><div class=\"wpb_wrapper\"><h3 style=\"font-size: 17px;color: rgba(37,37,37,0.7);line-height: 20px;text-align: left;font-family:Montserrat;font-weight:400;font-style:normal\" class=\"vc_custom_heading wpb_animate_when_almost_visible wpb_fadeIn fadeIn\" >E-Mail:<\/h3><h4 style=\"font-size: 25px;color: #252525;line-height: 35px;text-align: left;font-family:Montserrat;font-weight:700;font-style:normal\" class=\"vc_custom_heading wpb_animate_when_almost_visible wpb_fadeIn fadeIn vc_custom_1715250964495\" >hatrans@hatrans.pl<br \/>\nzarzad@hatrans.pl<br \/>\nsprzedaz@hatrans.pl<\/h4><\/div><\/div><\/div><div class=\"wpb_column vc_column_container vc_col-sm-4\"><div class=\"vc_column-inner\"><div class=\"wpb_wrapper\"><h3 style=\"font-size: 17px;color: rgba(37,37,37,0.7);line-height: 20px;text-align: left;font-family:Montserrat;font-weight:400;font-style:normal\" class=\"vc_custom_heading wpb_animate_when_almost_visible wpb_fadeIn fadeIn\" >Telefon:<\/h3><h4 style=\"font-size: 25px;color: #252525;line-height: 35px;text-align: left;font-family:Montserrat;font-weight:700;font-style:normal\" class=\"vc_custom_heading wpb_animate_when_almost_visible wpb_fadeIn fadeIn vc_custom_1705591011729\" >+48 42 613 73 00<br \/>\nKundenbetreuung<\/h4><\/div><\/div><\/div><\/div><div class=\"vc_row wpb_row vc_inner vc_row-fluid vc_custom_1529657765084\"><div class=\"margin-top-mobile wpb_column vc_column_container vc_col-sm-12 vc_hidden-md vc_hidden-sm\"><div class=\"vc_column-inner vc_custom_1706207476352\"><div class=\"wpb_wrapper\">\n\t<div class=\"wpb_text_column wpb_content_element  wpb_animate_when_almost_visible wpb_fadeIn fadeIn\" >\n\t\t<div class=\"wpb_wrapper\">\n\t\t\t<p><iframe loading=\"lazy\" style=\"border: 0;\" src=\"https:\/\/www.google.com\/maps\/embed?pb=!1m14!1m8!1m3!1d55850.4468189097!2d19.392635690134195!3d51.78305076696553!3m2!1i1024!2i768!4f13.1!3m3!1m2!1s0x471bb5723876c46b%3A0x241c498c9bdc0f8d!2sHatrans%20Sp.%20z%20o.o.%20PU!5e0!3m2!1spl!2spl!4v1705591909659!5m2!1spl!2spl\" width=\"1400\" height=\"400\" allowfullscreen=\"allowfullscreen\"><\/iframe><\/p>\n\n\t\t<\/div>\n\t<\/div>\n<\/div><\/div><\/div><\/div><\/div><\/div><\/div><\/div><div class=\"vc_row-full-width vc_clearfix\"><\/div><div data-vc-full-width=\"true\" data-vc-full-width-init=\"false\" class=\"vc_row wpb_row vc_row-fluid vc_custom_1706207967469 vc_row-has-fill\"><div class=\"wpb_column vc_column_container vc_col-sm-12 vc_hidden-lg vc_hidden-xs\"><div class=\"vc_column-inner vc_custom_1706207912113\"><div class=\"wpb_wrapper\">\n\t<div class=\"wpb_text_column wpb_content_element  wpb_animate_when_almost_visible wpb_fadeIn fadeIn\" >\n\t\t<div class=\"wpb_wrapper\">\n\t\t\t<p><iframe loading=\"lazy\" style=\"border: 0;\" src=\"https:\/\/www.google.com\/maps\/embed?pb=!1m14!1m8!1m3!1d55850.4468189097!2d19.392635690134195!3d51.78305076696553!3m2!1i1024!2i768!4f13.1!3m3!1m2!1s0x471bb5723876c46b%3A0x241c498c9bdc0f8d!2sHatrans%20Sp.%20z%20o.o.%20PU!5e0!3m2!1spl!2spl!4v1705591909659!5m2!1spl!2spl\" width=\"800\" height=\"400\" allowfullscreen=\"allowfullscreen\"><\/iframe><\/p>\n\n\t\t<\/div>\n\t<\/div>\n<div class=\"vc_empty_space\"   style=\"height: 32px\"><span class=\"vc_empty_space_inner\"><\/span><\/div><\/div><\/div><\/div><\/div><div class=\"vc_row-full-width vc_clearfix\"><\/div><div data-vc-full-width=\"true\" data-vc-full-width-init=\"false\" class=\"vc_row wpb_row vc_row-fluid vc_custom_1706207192914\"><div class=\"wpb_column vc_column_container vc_col-sm-12\"><div class=\"vc_column-inner vc_custom_1706206988994\"><div class=\"wpb_wrapper\"><div class=\"title-subtile-holder wow fadeIn text_center\"><div class=\"section-subtitle light_subtitle\">Logistik | Zollagentur | Transport | Lagerfl\u00e4che<\/div><h1 class=\"section-title light_title\">Wir \u00f6ffnen T\u00fcren zu globalen M\u00e4rkten<\/h1><div class=\"section-border light_border\"><\/div><\/div><div class='gambit_parallax_row' data-bg-align='' data-direction='fixed' data-opacity='100' data-velocity='-0.3' data-mobile-enabled='' data-bg-height='1705' data-bg-width='2560' data-bg-image='https:\/\/hatrans.pl\/wp-content\/uploads\/2024\/01\/DJI_0114-HDR-kopia-scaled.jpg' data-bg-repeat='false' data-id='' style='display: none'><\/div><\/div><\/div><\/div><\/div><div class=\"vc_row-full-width vc_clearfix\"><\/div>\n<\/div>","protected":false},"excerpt":{"rendered":"Kontaktieren Sie unsWir unterst\u00fctzen Sie gerne bei Ihren Gesch\u00e4ftenAdresse:196 Traktorowa St., 91-218 \u0141\u00f3d\u017a | PolskaEmail:hatrans@hatrans.pl zarzad@hatrans.pl sprzedaz@hatrans.plTelefon:+48 42 613 73 00 Kundenservice Logistik | Zollagentur | Transport | LagerraumWir \u00f6ffnen T\u00fcren zu globalen M\u00e4rkten","protected":false},"author":2,"featured_media":8146,"parent":0,"menu_order":0,"comment_status":"closed","ping_status":"closed","template":"","meta":{"footnotes":""},"class_list":["post-869","page","type-page","status-publish","has-post-thumbnail","hentry"],"_links":{"self":[{"href":"https:\/\/hatrans.pl\/de\/wp-json\/wp\/v2\/pages\/869","targetHints":{"allow":["GET"]}}],"collection":[{"href":"https:\/\/hatrans.pl\/de\/wp-json\/wp\/v2\/pages"}],"about":[{"href":"https:\/\/hatrans.pl\/de\/wp-json\/wp\/v2\/types\/page"}],"author":[{"embeddable":true,"href":"https:\/\/hatrans.pl\/de\/wp-json\/wp\/v2\/users\/2"}],"replies":[{"embeddable":true,"href":"https:\/\/hatrans.pl\/de\/wp-json\/wp\/v2\/comments?post=869"}],"version-history":[{"count":41,"href":"https:\/\/hatrans.pl\/de\/wp-json\/wp\/v2\/pages\/869\/revisions"}],"predecessor-version":[{"id":8728,"href":"https:\/\/hatrans.pl\/de\/wp-json\/wp\/v2\/pages\/869\/revisions\/8728"}],"wp:featuredmedia":[{"embeddable":true,"href":"https:\/\/hatrans.pl\/de\/wp-json\/wp\/v2\/media\/8146"}],"wp:attachment":[{"href":"https:\/\/hatrans.pl\/de\/wp-json\/wp\/v2\/media?parent=869"}],"curies":[{"name":"wp","href":"https:\/\/api.w.org\/{rel}","templated":true}]}}