{"id":869,"date":"2018-07-10T12:13:20","date_gmt":"2018-07-10T12:13:20","guid":{"rendered":"http:\/\/trankad.modeltheme.com\/?page_id=869"},"modified":"2024-05-09T12:36:00","modified_gmt":"2024-05-09T10:36:00","slug":"kontakt","status":"publish","type":"page","link":"https:\/\/hatrans.pl\/zh\/kontakt\/","title":{"rendered":"\u8054\u7cfb\u65b9\u5f0f"},"content":{"rendered":"<div class=\"wpb-content-wrapper\"><div data-vc-full-width=\"true\" data-vc-full-width-init=\"false\" class=\"vc_row wpb_row vc_row-fluid vc_custom_1705592673953 vc_row-has-fill\"><div class=\"wpb_column vc_column_container vc_col-sm-12\"><div class=\"vc_column-inner\"><div class=\"wpb_wrapper\"><div class=\"title-subtile-holder wow fadeIn text_left\"><div class=\"section-subtitle dark_subtitle\">\u8054\u7cfb\u6211\u4eec<\/div><h1 class=\"section-title dark_title\">\u6211\u4eec\u5f88\u9ad8\u5174\u4e3a\u60a8\u7684\u4e1a\u52a1\u63d0\u4f9b\u652f\u6301<\/h1><div class=\"section-border dark_border\"><\/div><\/div><div class=\"vc_row wpb_row vc_inner vc_row-fluid vc_custom_1531225061169\"><div class=\"wpb_column vc_column_container vc_col-sm-4\"><div class=\"vc_column-inner\"><div class=\"wpb_wrapper\"><h3 style=\"font-size: 17px;color: rgba(37,37,37,0.7);line-height: 20px;text-align: left;font-family:Montserrat;font-weight:400;font-style:normal\" class=\"vc_custom_heading wpb_animate_when_almost_visible wpb_fadeIn fadeIn\" >\u5730\u5740<\/h3><h4 style=\"font-size: 25px;color: #252525;line-height: 35px;text-align: left;font-family:Montserrat;font-weight:700;font-style:normal\" class=\"vc_custom_heading wpb_animate_when_almost_visible wpb_fadeIn fadeIn vc_custom_1705590771419\" >Traktorowa 196<br \/>\n91-218 \u0141\u00f3d\u017a | Poland<\/h4><\/div><\/div><\/div><div class=\"wpb_column vc_column_container vc_col-sm-4\"><div class=\"vc_column-inner\"><div class=\"wpb_wrapper\"><h3 style=\"font-size: 17px;color: rgba(37,37,37,0.7);line-height: 20px;text-align: left;font-family:Montserrat;font-weight:400;font-style:normal\" class=\"vc_custom_heading wpb_animate_when_almost_visible wpb_fadeIn fadeIn\" >\u7535\u5b50\u90ae\u4ef6\uff1a<\/h3><h4 style=\"font-size: 25px;color: #252525;line-height: 35px;text-align: left;font-family:Montserrat;font-weight:700;font-style:normal\" class=\"vc_custom_heading wpb_animate_when_almost_visible wpb_fadeIn fadeIn vc_custom_1715250964495\" >hatrans@hatrans.pl<br \/>\nzarzad@hatrans.pl<br \/>\nsprzedaz@hatrans.pl<\/h4><\/div><\/div><\/div><div class=\"wpb_column vc_column_container vc_col-sm-4\"><div class=\"vc_column-inner\"><div class=\"wpb_wrapper\"><h3 style=\"font-size: 17px;color: rgba(37,37,37,0.7);line-height: 20px;text-align: left;font-family:Montserrat;font-weight:400;font-style:normal\" class=\"vc_custom_heading wpb_animate_when_almost_visible wpb_fadeIn fadeIn\" >\u7535\u8bdd<\/h3><h4 style=\"font-size: 25px;color: #252525;line-height: 35px;text-align: left;font-family:Montserrat;font-weight:700;font-style:normal\" class=\"vc_custom_heading wpb_animate_when_almost_visible wpb_fadeIn fadeIn vc_custom_1705591011729\" >+48 42 613 73 00<br \/>\n\u5ba2\u6237\u670d\u52a1<\/h4><\/div><\/div><\/div><\/div><div class=\"vc_row wpb_row vc_inner vc_row-fluid vc_custom_1529657765084\"><div class=\"margin-top-mobile wpb_column vc_column_container vc_col-sm-12 vc_hidden-md vc_hidden-sm\"><div class=\"vc_column-inner vc_custom_1706207476352\"><div class=\"wpb_wrapper\">\n\t<div class=\"wpb_text_column wpb_content_element  wpb_animate_when_almost_visible wpb_fadeIn fadeIn\" >\n\t\t<div class=\"wpb_wrapper\">\n\t\t\t<p><iframe loading=\"lazy\" style=\"border: 0;\" src=\"https:\/\/www.google.com\/maps\/embed?pb=!1m14!1m8!1m3!1d55850.4468189097!2d19.392635690134195!3d51.78305076696553!3m2!1i1024!2i768!4f13.1!3m3!1m2!1s0x471bb5723876c46b%3A0x241c498c9bdc0f8d!2sHatrans%20Sp.%20z%20o.o.%20PU!5e0!3m2!1spl!2spl!4v1705591909659!5m2!1spl!2spl\" width=\"1400\" height=\"400\" allowfullscreen=\"allowfullscreen\"><\/iframe><\/p>\n\n\t\t<\/div>\n\t<\/div>\n<\/div><\/div><\/div><\/div><\/div><\/div><\/div><\/div><div class=\"vc_row-full-width vc_clearfix\"><\/div><div data-vc-full-width=\"true\" data-vc-full-width-init=\"false\" class=\"vc_row wpb_row vc_row-fluid vc_custom_1706207967469 vc_row-has-fill\"><div class=\"wpb_column vc_column_container vc_col-sm-12 vc_hidden-lg vc_hidden-xs\"><div class=\"vc_column-inner vc_custom_1706207912113\"><div class=\"wpb_wrapper\">\n\t<div class=\"wpb_text_column wpb_content_element  wpb_animate_when_almost_visible wpb_fadeIn fadeIn\" >\n\t\t<div class=\"wpb_wrapper\">\n\t\t\t<p><iframe loading=\"lazy\" style=\"border: 0;\" src=\"https:\/\/www.google.com\/maps\/embed?pb=!1m14!1m8!1m3!1d55850.4468189097!2d19.392635690134195!3d51.78305076696553!3m2!1i1024!2i768!4f13.1!3m3!1m2!1s0x471bb5723876c46b%3A0x241c498c9bdc0f8d!2sHatrans%20Sp.%20z%20o.o.%20PU!5e0!3m2!1spl!2spl!4v1705591909659!5m2!1spl!2spl\" width=\"800\" height=\"400\" allowfullscreen=\"allowfullscreen\"><\/iframe><\/p>\n\n\t\t<\/div>\n\t<\/div>\n<div class=\"vc_empty_space\"   style=\"height: 32px\"><span class=\"vc_empty_space_inner\"><\/span><\/div><\/div><\/div><\/div><\/div><div class=\"vc_row-full-width vc_clearfix\"><\/div><div data-vc-full-width=\"true\" data-vc-full-width-init=\"false\" class=\"vc_row wpb_row vc_row-fluid vc_custom_1706207192914\"><div class=\"wpb_column vc_column_container vc_col-sm-12\"><div class=\"vc_column-inner vc_custom_1706206988994\"><div class=\"wpb_wrapper\"><div class=\"title-subtile-holder wow fadeIn text_center\"><div class=\"section-subtitle light_subtitle\">\u7269\u6d41 | \u6d77\u5173\u673a\u6784 | \u8fd0\u8f93 | \u4ed3\u5e93\u7a7a\u95f4<\/div><h1 class=\"section-title light_title\">\u6253\u5f00\u901a\u5f80\u5168\u7403\u5e02\u573a\u7684\u5927\u95e8<\/h1><div class=\"section-border light_border\"><\/div><\/div><div class='gambit_parallax_row' data-bg-align='' data-direction='fixed' data-opacity='100' data-velocity='-0.3' data-mobile-enabled='' data-bg-height='1705' data-bg-width='2560' data-bg-image='https:\/\/hatrans.pl\/wp-content\/uploads\/2024\/01\/DJI_0114-HDR-kopia-scaled.jpg' data-bg-repeat='false' data-id='' style='display: none'><\/div><\/div><\/div><\/div><\/div><div class=\"vc_row-full-width vc_clearfix\"><\/div>\n<\/div>","protected":false},"excerpt":{"rendered":"\u8054\u7cfb\u6211\u4eec\u6211\u4eec\u5f88\u4e50\u610f\u4e3a\u60a8\u7684\u4e1a\u52a1\u63d0\u4f9b\u652f\u6301\u5730\u5740:196 Traktorowa St., 91-218 \u0141\u00f3d\u017a | PolskaEmail:hatrans@hatrans.pl zarzad@hatrans.pl sprzedaz@hatrans.plTelefon:+48 42 613 73 00 \u5ba2\u6237\u670d\u52a1 \u7269\u6d41 | \u6d77\u5173\u4ee3\u7406 | \u8fd0\u8f93 | \u4ed3\u5e93\u7a7a\u95f4\u6211\u4eec\u4e3a\u60a8\u6253\u5f00\u901a\u5f80\u5168\u7403\u5e02\u573a\u7684\u5927\u95e8","protected":false},"author":2,"featured_media":8146,"parent":0,"menu_order":0,"comment_status":"closed","ping_status":"closed","template":"","meta":{"footnotes":""},"class_list":["post-869","page","type-page","status-publish","has-post-thumbnail","hentry"],"_links":{"self":[{"href":"https:\/\/hatrans.pl\/zh\/wp-json\/wp\/v2\/pages\/869","targetHints":{"allow":["GET"]}}],"collection":[{"href":"https:\/\/hatrans.pl\/zh\/wp-json\/wp\/v2\/pages"}],"about":[{"href":"https:\/\/hatrans.pl\/zh\/wp-json\/wp\/v2\/types\/page"}],"author":[{"embeddable":true,"href":"https:\/\/hatrans.pl\/zh\/wp-json\/wp\/v2\/users\/2"}],"replies":[{"embeddable":true,"href":"https:\/\/hatrans.pl\/zh\/wp-json\/wp\/v2\/comments?post=869"}],"version-history":[{"count":41,"href":"https:\/\/hatrans.pl\/zh\/wp-json\/wp\/v2\/pages\/869\/revisions"}],"predecessor-version":[{"id":8728,"href":"https:\/\/hatrans.pl\/zh\/wp-json\/wp\/v2\/pages\/869\/revisions\/8728"}],"wp:featuredmedia":[{"embeddable":true,"href":"https:\/\/hatrans.pl\/zh\/wp-json\/wp\/v2\/media\/8146"}],"wp:attachment":[{"href":"https:\/\/hatrans.pl\/zh\/wp-json\/wp\/v2\/media?parent=869"}],"curies":[{"name":"wp","href":"https:\/\/api.w.org\/{rel}","templated":true}]}}